{"id":3251,"date":"2022-01-28T11:09:24","date_gmt":"2022-01-28T09:09:24","guid":{"rendered":"https:\/\/www.immotokens.be\/?page_id=3251"},"modified":"2022-04-19T11:38:29","modified_gmt":"2022-04-19T09:38:29","slug":"refer-a-friend-programma","status":"publish","type":"page","link":"https:\/\/www.immotokens.be\/fr\/programme-parrainage-refer-a-friend\/","title":{"rendered":"Programme \"Parrainer un ami"},"content":{"rendered":"<p>[et_pb_section fb_built=\"1\u2033 module_class=\"blue-button\" _builder_version=\"4.7.5\u2033 _module_preset=\"default\" custom_padding=\"150px||||false|false\" global_colors_info=\"{}\"][et_pb_row column_structure=\"1_2,1_2\u2033 make_equal=\"on\" _builder_version=\"4.7.4\u2033 _module_preset=\"default\" custom_padding=\"3px|||||\" global_colors_info=\"{}\"][et_pb_column type=\"1_2\u2033 module_class=\"Aligner\" _builder_version=\"4.7.4\u2033 _module_preset=\"default\" global_colors_info=\"{}\"][et_pb_text module_class=\"intro-text\" _builder_version=\"4.14.9\u2033 _module_preset=\"default\" text_font_size=\"21px\" header_font=\"|800|||||||\" header_font_size=\"56px\" header_line_height=\"1.2em\" header_2_font_size=\"42px\" text_font_size_tablet=\"18px\" text_font_size_phone=\"\" text_font_size_last_edited=\"on|tablet\" header_font_size_tablet=\"38px\" header_font_size_phone=\"\" header_font_size_last_edited=\"on|tablet\" header_2_font_size_tablet=\"28px\" header_2_font_size_phone=\"\" header_2_font_size_last_edited=\"on|tablet\" global_colors_info=\"{}\"]<\/p>\n<h1>Invitez vos amis et b\u00e9n\u00e9ficiez des deux pendant 6 mois. <b>double<\/b> revenu locatif!*<\/h1>\n<div data-pm-slice=\"1 1 []\" data-en-clipboard=\"true\">\u00cates-vous un fan des immotokens ? Dites-le \u00e0 vos amis ! Une fois que vous aurez tous deux pay\u00e9 un investissement, vous obtiendrez chacun un double loyer pendant 6 mois ! Une action fantastique pour commencer \u00e0 investir ensemble dans l'immobilier.<\/div>\n<p><a href=\"https:\/\/immotokens.referral-factory.com\/8qsXDJ\/join\">Inviter des amis<\/a><\/p>\n<p><em>*Promotion limit\u00e9e \u00e0 une valeur d'investissement de 10 000 \u20ac. Chaque renvoi d\u00e9clenche une nouvelle p\u00e9riode de 6 mois. Maximum de 10 r\u00e9f\u00e9rences par investisseur.<\/em><\/p>\n<p>[\/et_pb_text][\/et_pb_column][et_pb_column type=\"1_2\u2033 _builder_version=\"4.7.4\u2033 _module_preset=\"default\" custom_padding=\"40px|40px|40px|true|true\" global_colors_info=\"{}\"][dsm_perspective_image src=\"https:\/\/www.immotokens.be\/wp-content\/uploads\/2021\/08\/house-everyone.svg\" title_text=\"house-everyone\" dsm_rotate_y=\"-10deg\" module_class=\"image-intro\" _builder_version=\"4.7.5\u2033 _module_preset=\"default\" max_width_tablet=\"84%\" max_width_phone=\"\" max_width_last_edited=\"on|tablet\" custom_padding=\"0px|0px|0px|false|false\" box_shadow_style=\"preset1\u2033 box_shadow_horizontal=\"-\".16px\" box_shadow_vertical=\"12px\" box_shadow_blur=\"80px\" box_shadow_color=\"rgba(0,10,79,0.3)\" global_colors_info=\"{}\"][\/dsm_perspective_image][\/et_pb_column][\/et_pb_row][\/et_pb_section][et_pb_section fb_built=\"1\u2033 module_id=\"platform\" module_class=\"normal\" _builder_version=\"4.7.4\u2033 _module_preset=\"default\" background_color=\"#FAFAFB\" custom_padding=\"130px|130px|||||\" global_colors_info=\"{}\"][et_pb_row column_structure=\"1_2,1_2\u2033 use_custom_gutter=\"on\" gutter_width=\"4\u2033 make_equal=\"on\" _builder_version=\"4.7.4\u2033 _module_preset=\"default\" custom_padding=\"0px|0px|false|false\" global_colors_info=\"{}\"][et_pb_column type=\"1_2\u2033 _builder_version=\"4.7.4\u2033 _module_preset=\"default\" custom_padding=\"|||8.5%|false|false\" global_colors_info=\"{}\"][dsm_perspective_image src=\"https:\/\/www.immotokens.be\/wp-content\/uploads\/2021\/08\/immotokens-image.jpg\" title_text=\"immotokens-image\" dsm_rotate_y=\"-6deg\" dsm_rotate_x=\"1deg\" admin_label=\"Image\" module_class=\"image-object image-intro ps-left-bottom dot-blue-left-center\" _builder_version=\"4.7.5\u2033 _module_preset=\"cf766cf2-5dd9-43c9-82b4-e2424fa65941\u2033 background_enable_image=\"off\" background_size=\"initial\" background_position=\"bottom_left\" box_shadow_color=\"rgba(0,10,79,0.3)\" global_colors_info=\"{}\"][\/dsm_perspective_image][\/et_pb_column][et_pb_column type=\"1_2\u2033 module_class=\"Aligner\" _builder_version=\"4.7.4\u2033 _module_preset=\"default\" custom_padding=\"|8.5%||false|false\" global_colors_info=\"{}\"][et_pb_text _builder_version=\"4.14.9\u2033 _module_preset=\"default\" header_2_font=\"|800|||||||\" header_2_font_size=\"42px\" header_2_line_height=\"1.2em\" custom_margin_tablet=\"120px||||false|false\" custom_margin_phone=\"\" custom_margin_last_edited=\"on|tablet\" text_font_size_tablet=\"18px\" text_font_size_phone=\"\" text_font_size_last_edited=\"on|tablet\" header_2_font_size_tablet=\"28px\" header_2_font_size_phone=\"\" header_2_font_size_last_edited=\"on|tablet\" global_colors_info=\"{}\"]<\/p>\n<pre>NOTRE MISSION<\/pre>\n<h1 data-pm-slice=\"1 1 []\" data-en-clipboard=\"true\">Pourquoi investir dans l'immobilier ?<\/h1>\n<ul data-pm-slice=\"3 3 []\" data-en-clipboard=\"true\">\n<li>\n<div>Il s'agit d'un investissement s\u00fbr et stable car vous investissez dans un bien sous-jacent.<\/div>\n<\/li>\n<li>\n<div>Il rapporte beaucoup plus qu'un compte d'\u00e9pargne et il est plus facile que le march\u00e9 boursier.<\/div>\n<\/li>\n<li>\n<div>Vous recevrez chaque mois votre part des revenus locatifs.<\/div>\n<\/li>\n<li>\n<div>Vous pouvez facilement revendre vos jetons immobiliers en cas d'urgence.<\/div>\n<\/li>\n<\/ul>\n<p>[\/et_pb_text][\/et_pb_column][\/et_pb_row][\/et_pb_section][et_pb_section fb_built=\"1\u2033 module_class=\"normal\" _builder_version=\"4.7.4\u2033 _module_preset=\"default\" background_color=\"#ffffff\" custom_padding=\"130px|130px|||||\" global_colors_info=\"{}\"][et_pb_row column_structure=\"1_2,1_2\u2033 use_custom_gutter=\"on\" gutter_width=\"4\u2033 make_equal=\"on\" _builder_version=\"4.7.4\u2033 _module_preset=\"default\" custom_padding=\"0px|0px|false|false\" global_colors_info=\"{}\"][et_pb_column type=\"1_2\u2033 module_class=\"Aligner\" _builder_version=\"4.7.4\u2033 _module_preset=\"default\" custom_padding=\"|||8.5%|false|false\" custom_padding_tablet=\"|||0%|false|false\" custom_padding_phone=\"\" custom_padding_last_edited=\"on|tablet\" global_colors_info=\"{}\"][et_pb_text _builder_version=\"4.14.9\u2033 _module_preset=\"default\" header_2_font=\"|800|||||||\" header_2_font_size=\"42px\" header_2_line_height=\"1.2em\" hover_enabled=\"0\u2033 header_2_font_size_tablet=\"28px\" header_2_font_size_phone=\"\" header_2_font_size_last_edited=\"on|tablet\" global_colors_info=\"{}\" sticky_enabled=\"0\u2033]<\/p>\n<pre>EN QUELQUES \u00c9TAPES<\/pre>\n<h1 data-pm-slice=\"1 1 []\" data-en-clipboard=\"true\">Comment cela fonctionne-t-il ?<\/h1>\n<div data-pm-slice=\"1 1 []\" data-en-clipboard=\"true\">\n<p class=\"p1\">Utilisez le bouton ci-dessous pour inviter vos amis. Pour chaque ami que vous r\u00e9ussissez \u00e0 inviter, vous recevrez le double du revenu locatif pendant 6 mois !<\/p>\n<ol class=\"ol1\">\n<li class=\"li1\">D\u00e8s que votre ami cr\u00e9e un compte Immotokens et investit, vous recevez automatiquement un double revenu locatif pour les 6 mois suivants.<\/li>\n<li class=\"li1\">Cette action est valable jusqu'\u00e0 un montant d'investissement de 10 000 \u20ac.<\/li>\n<li class=\"li1\">Vous pouvez inviter jusqu'\u00e0 10 amis par an.<span class=\"Apple-converted-space\">\u00a0<\/span><\/li>\n<\/ol>\n<p><a href=\"https:\/\/immotokens.referral-factory.com\/8qsXDJ\/join\">Invitez vos amis<\/a><\/p>\n<\/div>\n<p>[\/et_pb_text][\/et_pb_column][et_pb_column type=\"1_2\u2033 _builder_version=\"4.7.4\u2033 _module_preset=\"default\" custom_padding=\"||8.5%|false|false\" global_colors_info=\"{}\"][dsm_perspective_image src=\"https:\/\/www.immotokens.be\/wp-content\/uploads\/2021\/08\/annie-spratt-eIlJ2CtQezU-unsplash-1.jpg\" title_text=\"annie-spratt-eIlJ2CtQezU-unsplash\" dsm_rotate_y=\"6deg\" dsm_rotate_x=\"1deg\" admin_label=\"Image\" module_class=\"image-object image-intro ps-right-bottom dot-blue-right-center\" _builder_version=\"4.7.5\u2033 _module_preset=\"cf766cf2-5dd9-43c9-82b4-e2424fa65941\u2033 background_enable_image=\"off\" background_size=\"initial\" background_position=\"bottom_left\" box_shadow_color=\"rgba(0,10,79,0.3)\" global_colors_info=\"{}\"][\/dsm_perspective_image][\/et_pb_column][\/et_pb_row][\/et_pb_section].<\/p>","protected":false},"excerpt":{"rendered":"<p>Invitez vos amis et vous b\u00e9n\u00e9ficierez tous deux d'un double loyer pendant 6 mois ! *Vous \u00eates un fan de l'immobilier ? Dites-le \u00e0 vos amis ! D\u00e8s que vous aurez tous deux r\u00e9alis\u00e9 un investissement, vous recevrez chacun le double du revenu locatif pendant 6 mois ! Une excellente fa\u00e7on de commencer \u00e0 investir dans l'immobilier ensemble. Inviter des amis *Action limit\u00e9e \u00e0 une valeur d'investissement de [...].<\/p>","protected":false},"author":5,"featured_media":0,"parent":0,"menu_order":0,"comment_status":"closed","ping_status":"closed","template":"","meta":{"_et_pb_use_builder":"on","_et_pb_old_content":"","_et_gb_content_width":""},"yoast_head":"<!-- This site is optimized with the Yoast SEO plugin v18.3 - https:\/\/yoast.com\/wordpress\/plugins\/seo\/ -->\n<title>Refer-a-friend-programma - Immotokens<\/title>\n<meta name=\"robots\" content=\"index, follow, max-snippet:-1, max-image-preview:large, max-video-preview:-1\" \/>\n<link rel=\"canonical\" href=\"https:\/\/www.immotokens.be\/fr\/programme-parrainage-refer-a-friend\/\" \/>\n<meta property=\"og:locale\" content=\"fr_FR\" \/>\n<meta property=\"og:type\" content=\"article\" \/>\n<meta property=\"og:title\" content=\"Refer-a-friend-programma - Immotokens\" \/>\n<meta property=\"og:description\" content=\"Nodig je vrienden uit en krijg beide 6 maand lang dubbele huuropbrengsten!* Ben je fan van immotokens? Vertel het aan je vrienden! Zodra jullie beide een investering hebben voldaan krijgen jullie elk 6 maand lang dubbele huuropbrengsten! Een fantastische actie om samen te starten met investeren in vastgoed. Vrienden uitnodigen *Actie beperkt tot een investeringswaarde [&hellip;]\" \/>\n<meta property=\"og:url\" content=\"https:\/\/www.immotokens.be\/fr\/programme-parrainage-refer-a-friend\/\" \/>\n<meta property=\"og:site_name\" content=\"Immotokens\" \/>\n<meta property=\"article:publisher\" content=\"https:\/\/www.facebook.com\/immotokens\/\" \/>\n<meta property=\"article:modified_time\" content=\"2022-04-19T09:38:29+00:00\" \/>\n<meta name=\"twitter:card\" content=\"summary_large_image\" \/>\n<meta name=\"twitter:label1\" content=\"Dur\u00e9e de lecture est.\" \/>\n\t<meta name=\"twitter:data1\" content=\"4 minutes\" \/>\n<script type=\"application\/ld+json\" class=\"yoast-schema-graph\">{\"@context\":\"https:\/\/schema.org\",\"@graph\":[{\"@type\":\"Organization\",\"@id\":\"https:\/\/www.immotokens.be\/#organization\",\"name\":\"Immotokens\",\"url\":\"https:\/\/www.immotokens.be\/\",\"sameAs\":[\"https:\/\/www.facebook.com\/immotokens\/\",\"https:\/\/www.instagram.com\/immotokens\",\"https:\/\/www.linkedin.com\/company\/immotokens\",\"https:\/\/www.youtube.com\/channel\/UC4iS0qK92asf2JiupxiAm5A\"],\"logo\":{\"@type\":\"ImageObject\",\"@id\":\"https:\/\/www.immotokens.be\/#logo\",\"inLanguage\":\"fr-BE\",\"url\":\"https:\/\/www.immotokens.be\/wp-content\/uploads\/2021\/08\/Immotokens-400x100-1.svg\",\"contentUrl\":\"https:\/\/www.immotokens.be\/wp-content\/uploads\/2021\/08\/Immotokens-400x100-1.svg\",\"width\":300,\"height\":74,\"caption\":\"Immotokens\"},\"image\":{\"@id\":\"https:\/\/www.immotokens.be\/#logo\"}},{\"@type\":\"WebSite\",\"@id\":\"https:\/\/www.immotokens.be\/#website\",\"url\":\"https:\/\/www.immotokens.be\/\",\"name\":\"Immotokens\",\"description\":\"Investeer in vastgoed met een beperkt budget\",\"publisher\":{\"@id\":\"https:\/\/www.immotokens.be\/#organization\"},\"potentialAction\":[{\"@type\":\"SearchAction\",\"target\":{\"@type\":\"EntryPoint\",\"urlTemplate\":\"https:\/\/www.immotokens.be\/?s={search_term_string}\"},\"query-input\":\"required name=search_term_string\"}],\"inLanguage\":\"fr-BE\"},{\"@type\":\"WebPage\",\"@id\":\"https:\/\/www.immotokens.be\/refer-a-friend-programma\/#webpage\",\"url\":\"https:\/\/www.immotokens.be\/refer-a-friend-programma\/\",\"name\":\"Refer-a-friend-programma - Immotokens\",\"isPartOf\":{\"@id\":\"https:\/\/www.immotokens.be\/#website\"},\"datePublished\":\"2022-01-28T09:09:24+00:00\",\"dateModified\":\"2022-04-19T09:38:29+00:00\",\"breadcrumb\":{\"@id\":\"https:\/\/www.immotokens.be\/refer-a-friend-programma\/#breadcrumb\"},\"inLanguage\":\"fr-BE\",\"potentialAction\":[{\"@type\":\"ReadAction\",\"target\":[\"https:\/\/www.immotokens.be\/refer-a-friend-programma\/\"]}]},{\"@type\":\"BreadcrumbList\",\"@id\":\"https:\/\/www.immotokens.be\/refer-a-friend-programma\/#breadcrumb\",\"itemListElement\":[{\"@type\":\"ListItem\",\"position\":1,\"name\":\"Home\",\"item\":\"https:\/\/www.immotokens.be\/\"},{\"@type\":\"ListItem\",\"position\":2,\"name\":\"Refer-a-friend-programma\"}]}]}<\/script>\n<!-- \/ Yoast SEO plugin. -->","yoast_head_json":{"title":"Refer-a-friend-programma - Immotokens","robots":{"index":"index","follow":"follow","max-snippet":"max-snippet:-1","max-image-preview":"max-image-preview:large","max-video-preview":"max-video-preview:-1"},"canonical":"https:\/\/www.immotokens.be\/fr\/programme-parrainage-refer-a-friend\/","og_locale":"fr_FR","og_type":"article","og_title":"Refer-a-friend-programma - Immotokens","og_description":"Nodig je vrienden uit en krijg beide 6 maand lang dubbele huuropbrengsten!* Ben je fan van immotokens? Vertel het aan je vrienden! Zodra jullie beide een investering hebben voldaan krijgen jullie elk 6 maand lang dubbele huuropbrengsten! Een fantastische actie om samen te starten met investeren in vastgoed. Vrienden uitnodigen *Actie beperkt tot een investeringswaarde [&hellip;]","og_url":"https:\/\/www.immotokens.be\/fr\/programme-parrainage-refer-a-friend\/","og_site_name":"Immotokens","article_publisher":"https:\/\/www.facebook.com\/immotokens\/","article_modified_time":"2022-04-19T09:38:29+00:00","twitter_card":"summary_large_image","twitter_misc":{"Dur\u00e9e de lecture est.":"4 minutes"},"schema":{"@context":"https:\/\/schema.org","@graph":[{"@type":"Organization","@id":"https:\/\/www.immotokens.be\/#organization","name":"Immotokens","url":"https:\/\/www.immotokens.be\/","sameAs":["https:\/\/www.facebook.com\/immotokens\/","https:\/\/www.instagram.com\/immotokens","https:\/\/www.linkedin.com\/company\/immotokens","https:\/\/www.youtube.com\/channel\/UC4iS0qK92asf2JiupxiAm5A"],"logo":{"@type":"ImageObject","@id":"https:\/\/www.immotokens.be\/#logo","inLanguage":"fr-BE","url":"https:\/\/www.immotokens.be\/wp-content\/uploads\/2021\/08\/Immotokens-400x100-1.svg","contentUrl":"https:\/\/www.immotokens.be\/wp-content\/uploads\/2021\/08\/Immotokens-400x100-1.svg","width":300,"height":74,"caption":"Immotokens"},"image":{"@id":"https:\/\/www.immotokens.be\/#logo"}},{"@type":"WebSite","@id":"https:\/\/www.immotokens.be\/#website","url":"https:\/\/www.immotokens.be\/","name":"Immotokens","description":"Investeer in vastgoed met een beperkt budget","publisher":{"@id":"https:\/\/www.immotokens.be\/#organization"},"potentialAction":[{"@type":"SearchAction","target":{"@type":"EntryPoint","urlTemplate":"https:\/\/www.immotokens.be\/?s={search_term_string}"},"query-input":"required name=search_term_string"}],"inLanguage":"fr-BE"},{"@type":"WebPage","@id":"https:\/\/www.immotokens.be\/refer-a-friend-programma\/#webpage","url":"https:\/\/www.immotokens.be\/refer-a-friend-programma\/","name":"Refer-a-friend-programma - Immotokens","isPartOf":{"@id":"https:\/\/www.immotokens.be\/#website"},"datePublished":"2022-01-28T09:09:24+00:00","dateModified":"2022-04-19T09:38:29+00:00","breadcrumb":{"@id":"https:\/\/www.immotokens.be\/refer-a-friend-programma\/#breadcrumb"},"inLanguage":"fr-BE","potentialAction":[{"@type":"ReadAction","target":["https:\/\/www.immotokens.be\/refer-a-friend-programma\/"]}]},{"@type":"BreadcrumbList","@id":"https:\/\/www.immotokens.be\/refer-a-friend-programma\/#breadcrumb","itemListElement":[{"@type":"ListItem","position":1,"name":"Home","item":"https:\/\/www.immotokens.be\/"},{"@type":"ListItem","position":2,"name":"Refer-a-friend-programma"}]}]}},"acf":[],"_links":{"self":[{"href":"https:\/\/www.immotokens.be\/fr\/wp-json\/wp\/v2\/pages\/3251"}],"collection":[{"href":"https:\/\/www.immotokens.be\/fr\/wp-json\/wp\/v2\/pages"}],"about":[{"href":"https:\/\/www.immotokens.be\/fr\/wp-json\/wp\/v2\/types\/page"}],"author":[{"embeddable":true,"href":"https:\/\/www.immotokens.be\/fr\/wp-json\/wp\/v2\/users\/5"}],"replies":[{"embeddable":true,"href":"https:\/\/www.immotokens.be\/fr\/wp-json\/wp\/v2\/comments?post=3251"}],"version-history":[{"count":9,"href":"https:\/\/www.immotokens.be\/fr\/wp-json\/wp\/v2\/pages\/3251\/revisions"}],"predecessor-version":[{"id":3485,"href":"https:\/\/www.immotokens.be\/fr\/wp-json\/wp\/v2\/pages\/3251\/revisions\/3485"}],"wp:attachment":[{"href":"https:\/\/www.immotokens.be\/fr\/wp-json\/wp\/v2\/media?parent=3251"}],"curies":[{"name":"wp","href":"https:\/\/api.w.org\/{rel}","templated":true}]}}